{"id":4428,"date":"2025-07-08T10:06:15","date_gmt":"2025-07-08T10:06:15","guid":{"rendered":"https:\/\/1111perfume.com\/product\/11-11-%da%af%db%8e%d9%84%d8%a7%d8%b3\/"},"modified":"2026-04-26T17:06:11","modified_gmt":"2026-04-26T14:06:11","slug":"cherry","status":"publish","type":"product","link":"https:\/\/1111perfume.com\/ku\/product\/cherry\/","title":{"rendered":"11 11 \u06af\u06ce\u0644\u0627\u0633"},"content":{"rendered":"","protected":false},"excerpt":{"rendered":"<p>\u0628\u06c6\u0646\u06ce\u06a9\u06cc \u0628\u0648\u06ce\u0631 \u0648 \u0628\u06d5 \u062a\u0627\u0645 \u06a9\u06d5 \u06af\u06ce\u0644\u0627\u0633\u06cc \u0695\u06d5\u0634\u06cc \u0634\u06d5\u0631\u0628\u06d5\u062a\u06cc \u0648 \u0644\u06cc\u06a9\u06c6\u0631\u06cc \u062f\u06d5\u0648\u06b5\u06d5\u0645\u06d5\u0646\u062f\u06cc \u06af\u06ce\u0644\u0627\u0633 \u0648 \u0626\u0627\u0645\u0627\u0698\u06d5\u06cc\u06d5\u06a9 \u0628\u06d5 \u0628\u0627\u062f\u06d5\u0645\u06cc \u062a\u0627\u06b5 \u062a\u06ce\u06a9\u06d5\u06b5 \u062f\u06d5\u06a9\u0627\u062a. \u0626\u06d5\u0645 \u0628\u06c6\u0646\u06d5 \u0632\u06cc\u0646\u062f\u0648\u0648\u06d5 \u0628\u06d5 \u0634\u06d5\u067e\u06c6\u0644\u06cc \u0646\u06c6\u062a\u06cc \u0634\u06cc\u0631\u06cc\u0646 \u0648 \u062a\u0627\u0631\u062a \u062f\u06d5\u06a9\u0631\u06ce\u062a\u06d5\u0648\u06d5\u060c \u06a9\u06d5 \u062f\u06d5\u0686\u06ce\u062a\u06d5 \u0646\u0627\u0648 \u062f\u06b5\u06ce\u06a9\u06cc \u0646\u0627\u0633\u06a9\u06cc \u06af\u0648\u06b5 \u0648 \u0633\u0627\u0645\u0628\u0627\u06a9\u06cc \u06cc\u0627\u0633\u0645\u06cc\u0646. \u0628\u0646\u06d5\u0645\u0627\u06cc \u06af\u06d5\u0631\u0645\u06cc \u062f\u0627\u0631 \u0633\u06d5\u0646\u062f\u06d5\u0644 \u0648 \u06a4\u06cc\u062a\u06cc\u06a4\u06d5\u0631 \u0648 \u062f\u0627\u0631 \u0633\u06cc\u062f\u0627\u0631 \u0642\u0648\u0648\u06b5\u06cc \u0632\u06cc\u0627\u062f \u062f\u06d5\u06a9\u0627\u062a\u060c \u0628\u06c6\u0646\u06ce\u06a9 \u062f\u0631\u0648\u0633\u062a \u062f\u06d5\u06a9\u0627\u062a \u06a9\u06d5 \u0647\u06d5\u0645 \u06cc\u0627\u0631\u06cc\u0632\u0627\u0646\u0627\u0646\u06d5 \u0648 \u0647\u06d5\u0645 \u0626\u0627\u06b5\u06c6\u0632\u06d5.  <\/p>\n<ul>\n<li><strong>\u062e\u06ce\u0632\u0627\u0646\u06cc \u0628\u06c6\u0646:<\/strong> \u0645\u06cc\u0648\u06d5\u062f\u0627\u0631 \u0648 \u06af\u06c6\u06b5\u06cc (Fruity Floral)<\/li>\n<li><strong>\u062c\u06c6\u0631\u06cc \u0628\u06c6\u0646: <\/strong>\u0634\u06cc\u0631\u06cc\u0646 \u0648 \u062a\u0631\u0634 (\u015e\u00eer\u00een \u00fb Tir\u015f)<\/li>\n<li><strong>\u0628\u06d5\u0631\u06d5\u0632\u062a\u0631\u06cc\u0646 \u0628\u06d5\u0631\u0647\u06d5\u0645\u06d5\u06a9\u0627\u0646:<\/strong> \u06af\u06cc\u0644\u06d5\u0633\u06cc \u0695\u06d5\u0634\u060c \u0628\u0627\u062f\u0627\u0645\u06cc \u062a\u06d5\u06b5\u060c \u06af\u06c6\u06b5\u060c \u062f\u0627\u0631\u0686\u06cc\u0646\u06cc \u0633\u0627\u0646\u062f\u06d5\u06b5<\/li>\n<li><strong>\u062c\u06c6\u0631:<\/strong> \u0626\u06c6 \u062f\u06cc \u067e\u0627\u0631\u0641\u0648\u0645 (EDP)<\/li>\n<li><strong>\u0642\u06d5\u0628\u0627\u0631\u06d5:<\/strong> 50ml<\/li>\n<\/ul>\n","protected":false},"featured_media":19719,"comment_status":"open","ping_status":"closed","template":"","meta":[],"product_brand":[],"product_cat":[171,168,165,259,78,172],"product_tag":[],"class_list":{"0":"post-4428","1":"product","2":"type-product","3":"status-publish","4":"has-post-thumbnail","6":"product_cat-unisex-perfumes-ku","7":"product_cat-mens-perfumes-ku","8":"product_cat-womens-perfumes-ku","9":"product_cat-all-perfumes-ku","10":"product_cat-shop-all","11":"product_cat-floral-ku","13":"first","14":"instock","15":"shipping-taxable","16":"purchasable","17":"product-type-simple"},"_links":{"self":[{"href":"https:\/\/1111perfume.com\/ku\/wp-json\/wp\/v2\/product\/4428","targetHints":{"allow":["GET"]}}],"collection":[{"href":"https:\/\/1111perfume.com\/ku\/wp-json\/wp\/v2\/product"}],"about":[{"href":"https:\/\/1111perfume.com\/ku\/wp-json\/wp\/v2\/types\/product"}],"replies":[{"embeddable":true,"href":"https:\/\/1111perfume.com\/ku\/wp-json\/wp\/v2\/comments?post=4428"}],"wp:featuredmedia":[{"embeddable":true,"href":"https:\/\/1111perfume.com\/ku\/wp-json\/wp\/v2\/media\/19719"}],"wp:attachment":[{"href":"https:\/\/1111perfume.com\/ku\/wp-json\/wp\/v2\/media?parent=4428"}],"wp:term":[{"taxonomy":"product_brand","embeddable":true,"href":"https:\/\/1111perfume.com\/ku\/wp-json\/wp\/v2\/product_brand?post=4428"},{"taxonomy":"product_cat","embeddable":true,"href":"https:\/\/1111perfume.com\/ku\/wp-json\/wp\/v2\/product_cat?post=4428"},{"taxonomy":"product_tag","embeddable":true,"href":"https:\/\/1111perfume.com\/ku\/wp-json\/wp\/v2\/product_tag?post=4428"}],"curies":[{"name":"wp","href":"https:\/\/api.w.org\/{rel}","templated":true}]}}